{"id":1338,"date":"2025-12-04T18:02:06","date_gmt":"2025-12-04T18:02:06","guid":{"rendered":"https:\/\/kotestee.nl\/?page_id=1338"},"modified":"2025-12-07T13:40:42","modified_gmt":"2025-12-07T13:40:42","slug":"der-scheinflugplatz","status":"publish","type":"page","link":"https:\/\/kotestee.nl\/de\/der-scheinflugplatz\/","title":{"rendered":"Der Scheinflugplatz"},"content":{"rendered":"<p><span style=\"font-weight: 400;\">Im Zweiten Weltkrieg muss es in diesem Gebiet oft unruhig zugegangen sein. Die Westduinen waren aufgrund des hiesigen Flugplatzes mehrfach das Ziel von Bombenangriffen. Allerdings handelte es sich um einen Scheinflugplatz.\u00a0<\/span><\/p>\n<p><span style=\"font-weight: 400;\">Der Scheinflugplatz diente dem Zweck, die Alliierten zu t\u00e4uschen. W\u00e4hrend des Zweiten Weltkriegs wurde eine 80 Meter breite und 750 Meter lange Fl\u00e4che planiert, ein Entw\u00e4sserungssystem und eine Landebahnbeleuchtung installiert. Ein mit Lichtern best\u00fccktes Schienensystem simulierte rollende Flugzeuge. Holzflugzeuge und Scheinhangars erg\u00e4nzten das Trugbild. Vom nahe gelegenen Blinkfeuer-Bunker aus konnten Lichtsignale gesendet werden, die den Eindruck erweckten, der Flugplatz w\u00e4re tats\u00e4chlich in Betrieb.\u00a0<\/span><\/p>\n","protected":false},"excerpt":{"rendered":"Im Zweiten Weltkrieg muss es in diesem Gebiet oft unruhig zugegangen sein. Die Westduinen waren aufgrund des hiesigen Flugplatzes mehrfach das Ziel von Bombenangriffen. Allerdings handelte es sich um einen Scheinflugplatz.\u00a0 Der Scheinflugplatz diente dem Zweck, die Alliierten zu t\u00e4uschen. W\u00e4hrend des Zweiten Weltkriegs wurde eine 80 Meter breite und 750 Meter lange Fl\u00e4che planiert, [&hellip;]","protected":false},"author":2,"featured_media":0,"parent":0,"menu_order":0,"comment_status":"closed","ping_status":"closed","template":"","meta":{"_acf_changed":false,"inline_featured_image":false,"footnotes":""},"class_list":["post-1338","page","type-page","status-publish","hentry"],"acf":[],"yoast_head":"<!-- This site is optimized with the Yoast SEO Premium plugin v27.1 (Yoast SEO v27.1.1) - https:\/\/yoast.com\/product\/yoast-seo-premium-wordpress\/ -->\n<title>Der Scheinflugplatz | Camping Kotestee<\/title>\n<meta name=\"robots\" content=\"index, follow, max-snippet:-1, max-image-preview:large, max-video-preview:-1\" \/>\n<link rel=\"canonical\" href=\"https:\/\/kotestee.nl\/de\/der-scheinflugplatz\/\" \/>\n<meta property=\"og:locale\" content=\"de_DE\" \/>\n<meta property=\"og:type\" content=\"article\" \/>\n<meta property=\"og:title\" content=\"Der Scheinflugplatz\" \/>\n<meta property=\"og:description\" content=\"Im Zweiten Weltkrieg muss es in diesem Gebiet oft unruhig zugegangen sein. Die Westduinen waren aufgrund des hiesigen Flugplatzes mehrfach das Ziel von Bombenangriffen. Allerdings handelte es sich um einen Scheinflugplatz.\u00a0 Der Scheinflugplatz diente dem Zweck, die Alliierten zu t\u00e4uschen. W\u00e4hrend des Zweiten Weltkriegs wurde eine 80 Meter breite und 750 Meter lange Fl\u00e4che planiert, [&hellip;]\" \/>\n<meta property=\"og:url\" content=\"https:\/\/kotestee.nl\/de\/der-scheinflugplatz\/\" \/>\n<meta property=\"og:site_name\" content=\"Camping Kotestee\" \/>\n<meta property=\"article:publisher\" content=\"https:\/\/www.facebook.com\/kotestee\" \/>\n<meta property=\"article:modified_time\" content=\"2025-12-07T13:40:42+00:00\" \/>\n<meta property=\"og:image\" content=\"https:\/\/kotestee.nl\/wp-content\/uploads\/2025\/12\/dronebeeld.jpg\" \/>\n\t<meta property=\"og:image:width\" content=\"1920\" \/>\n\t<meta property=\"og:image:height\" content=\"1080\" \/>\n\t<meta property=\"og:image:type\" content=\"image\/jpeg\" \/>\n<meta name=\"twitter:card\" content=\"summary_large_image\" \/>\n<meta name=\"twitter:label1\" content=\"Gesch\u00e4tzte Lesezeit\" \/>\n\t<meta name=\"twitter:data1\" content=\"1\u00a0Minute\" \/>\n<script type=\"application\/ld+json\" class=\"yoast-schema-graph\">{\"@context\":\"https:\/\/schema.org\",\"@graph\":[{\"@type\":\"WebPage\",\"@id\":\"https:\/\/kotestee.nl\/de\/der-scheinflugplatz\/\",\"url\":\"https:\/\/kotestee.nl\/de\/der-scheinflugplatz\/\",\"name\":\"Der Scheinflugplatz | Camping Kotestee\",\"isPartOf\":{\"@id\":\"https:\/\/kotestee.nl\/de\/#website\"},\"datePublished\":\"2025-12-04T18:02:06+00:00\",\"dateModified\":\"2025-12-07T13:40:42+00:00\",\"breadcrumb\":{\"@id\":\"https:\/\/kotestee.nl\/de\/der-scheinflugplatz\/#breadcrumb\"},\"inLanguage\":\"de\",\"potentialAction\":[{\"@type\":\"ReadAction\",\"target\":[\"https:\/\/kotestee.nl\/de\/der-scheinflugplatz\/\"]}]},{\"@type\":\"BreadcrumbList\",\"@id\":\"https:\/\/kotestee.nl\/de\/der-scheinflugplatz\/#breadcrumb\",\"itemListElement\":[{\"@type\":\"ListItem\",\"position\":1,\"name\":\"Home\",\"item\":\"https:\/\/kotestee.nl\/de\/\"},{\"@type\":\"ListItem\",\"position\":2,\"name\":\"Der Scheinflugplatz\"}]},{\"@type\":\"WebSite\",\"@id\":\"https:\/\/kotestee.nl\/de\/#website\",\"url\":\"https:\/\/kotestee.nl\/de\/\",\"name\":\"Camping Kotestee\",\"description\":\"Natuurlijke buitenplaats aan de duinen\",\"publisher\":{\"@id\":\"https:\/\/kotestee.nl\/de\/#organization\"},\"potentialAction\":[{\"@type\":\"SearchAction\",\"target\":{\"@type\":\"EntryPoint\",\"urlTemplate\":\"https:\/\/kotestee.nl\/de\/?s={search_term_string}\"},\"query-input\":{\"@type\":\"PropertyValueSpecification\",\"valueRequired\":true,\"valueName\":\"search_term_string\"}}],\"inLanguage\":\"de\"},{\"@type\":\"Organization\",\"@id\":\"https:\/\/kotestee.nl\/de\/#organization\",\"name\":\"Camping Kotestee\",\"alternateName\":\"Kotestee\",\"url\":\"https:\/\/kotestee.nl\/de\/\",\"logo\":{\"@type\":\"ImageObject\",\"inLanguage\":\"de\",\"@id\":\"https:\/\/kotestee.nl\/de\/#\/schema\/logo\/image\/\",\"url\":\"https:\/\/kotestee.nl\/wp-content\/uploads\/2025\/10\/cropped-favicon.png\",\"contentUrl\":\"https:\/\/kotestee.nl\/wp-content\/uploads\/2025\/10\/cropped-favicon.png\",\"width\":512,\"height\":512,\"caption\":\"Camping Kotestee\"},\"image\":{\"@id\":\"https:\/\/kotestee.nl\/de\/#\/schema\/logo\/image\/\"},\"sameAs\":[\"https:\/\/www.facebook.com\/kotestee\",\"https:\/\/www.instagram.com\/kotestee\"],\"email\":\"info@kotestee.nl\",\"telephone\":\"0187-681678\",\"legalName\":\"Camping Kotestee B.V.\",\"foundingDate\":\"1965-01-01\",\"vatID\":\"NL862481351B01\",\"numberOfEmployees\":{\"@type\":\"QuantitativeValue\",\"minValue\":\"1\",\"maxValue\":\"10\"}}]}<\/script>\n<!-- \/ Yoast SEO Premium plugin. -->","yoast_head_json":{"title":"Der Scheinflugplatz | Camping Kotestee","robots":{"index":"index","follow":"follow","max-snippet":"max-snippet:-1","max-image-preview":"max-image-preview:large","max-video-preview":"max-video-preview:-1"},"canonical":"https:\/\/kotestee.nl\/de\/der-scheinflugplatz\/","og_locale":"de_DE","og_type":"article","og_title":"Der Scheinflugplatz","og_description":"Im Zweiten Weltkrieg muss es in diesem Gebiet oft unruhig zugegangen sein. Die Westduinen waren aufgrund des hiesigen Flugplatzes mehrfach das Ziel von Bombenangriffen. Allerdings handelte es sich um einen Scheinflugplatz.\u00a0 Der Scheinflugplatz diente dem Zweck, die Alliierten zu t\u00e4uschen. W\u00e4hrend des Zweiten Weltkriegs wurde eine 80 Meter breite und 750 Meter lange Fl\u00e4che planiert, [&hellip;]","og_url":"https:\/\/kotestee.nl\/de\/der-scheinflugplatz\/","og_site_name":"Camping Kotestee","article_publisher":"https:\/\/www.facebook.com\/kotestee","article_modified_time":"2025-12-07T13:40:42+00:00","og_image":[{"width":1920,"height":1080,"url":"https:\/\/kotestee.nl\/wp-content\/uploads\/2025\/12\/dronebeeld.jpg","type":"image\/jpeg"}],"twitter_card":"summary_large_image","twitter_misc":{"Gesch\u00e4tzte Lesezeit":"1\u00a0Minute"},"schema":{"@context":"https:\/\/schema.org","@graph":[{"@type":"WebPage","@id":"https:\/\/kotestee.nl\/de\/der-scheinflugplatz\/","url":"https:\/\/kotestee.nl\/de\/der-scheinflugplatz\/","name":"Der Scheinflugplatz | Camping Kotestee","isPartOf":{"@id":"https:\/\/kotestee.nl\/de\/#website"},"datePublished":"2025-12-04T18:02:06+00:00","dateModified":"2025-12-07T13:40:42+00:00","breadcrumb":{"@id":"https:\/\/kotestee.nl\/de\/der-scheinflugplatz\/#breadcrumb"},"inLanguage":"de","potentialAction":[{"@type":"ReadAction","target":["https:\/\/kotestee.nl\/de\/der-scheinflugplatz\/"]}]},{"@type":"BreadcrumbList","@id":"https:\/\/kotestee.nl\/de\/der-scheinflugplatz\/#breadcrumb","itemListElement":[{"@type":"ListItem","position":1,"name":"Home","item":"https:\/\/kotestee.nl\/de\/"},{"@type":"ListItem","position":2,"name":"Der Scheinflugplatz"}]},{"@type":"WebSite","@id":"https:\/\/kotestee.nl\/de\/#website","url":"https:\/\/kotestee.nl\/de\/","name":"Camping Kotestee","description":"Natuurlijke buitenplaats aan de duinen","publisher":{"@id":"https:\/\/kotestee.nl\/de\/#organization"},"potentialAction":[{"@type":"SearchAction","target":{"@type":"EntryPoint","urlTemplate":"https:\/\/kotestee.nl\/de\/?s={search_term_string}"},"query-input":{"@type":"PropertyValueSpecification","valueRequired":true,"valueName":"search_term_string"}}],"inLanguage":"de"},{"@type":"Organization","@id":"https:\/\/kotestee.nl\/de\/#organization","name":"Camping Kotestee","alternateName":"Kotestee","url":"https:\/\/kotestee.nl\/de\/","logo":{"@type":"ImageObject","inLanguage":"de","@id":"https:\/\/kotestee.nl\/de\/#\/schema\/logo\/image\/","url":"https:\/\/kotestee.nl\/wp-content\/uploads\/2025\/10\/cropped-favicon.png","contentUrl":"https:\/\/kotestee.nl\/wp-content\/uploads\/2025\/10\/cropped-favicon.png","width":512,"height":512,"caption":"Camping Kotestee"},"image":{"@id":"https:\/\/kotestee.nl\/de\/#\/schema\/logo\/image\/"},"sameAs":["https:\/\/www.facebook.com\/kotestee","https:\/\/www.instagram.com\/kotestee"],"email":"info@kotestee.nl","telephone":"0187-681678","legalName":"Camping Kotestee B.V.","foundingDate":"1965-01-01","vatID":"NL862481351B01","numberOfEmployees":{"@type":"QuantitativeValue","minValue":"1","maxValue":"10"}}]}},"_links":{"self":[{"href":"https:\/\/kotestee.nl\/de\/wp-json\/wp\/v2\/pages\/1338","targetHints":{"allow":["GET"]}}],"collection":[{"href":"https:\/\/kotestee.nl\/de\/wp-json\/wp\/v2\/pages"}],"about":[{"href":"https:\/\/kotestee.nl\/de\/wp-json\/wp\/v2\/types\/page"}],"author":[{"embeddable":true,"href":"https:\/\/kotestee.nl\/de\/wp-json\/wp\/v2\/users\/2"}],"replies":[{"embeddable":true,"href":"https:\/\/kotestee.nl\/de\/wp-json\/wp\/v2\/comments?post=1338"}],"version-history":[{"count":5,"href":"https:\/\/kotestee.nl\/de\/wp-json\/wp\/v2\/pages\/1338\/revisions"}],"predecessor-version":[{"id":1544,"href":"https:\/\/kotestee.nl\/de\/wp-json\/wp\/v2\/pages\/1338\/revisions\/1544"}],"wp:attachment":[{"href":"https:\/\/kotestee.nl\/de\/wp-json\/wp\/v2\/media?parent=1338"}],"curies":[{"name":"wp","href":"https:\/\/api.w.org\/{rel}","templated":true}]}}