{"id":1256,"date":"2025-11-21T08:02:27","date_gmt":"2025-11-21T08:02:27","guid":{"rendered":"https:\/\/kotestee.nl\/fiets-en-wandelroutes\/"},"modified":"2025-12-27T14:20:21","modified_gmt":"2025-12-27T14:20:21","slug":"rad-und-wanderwege","status":"publish","type":"page","link":"https:\/\/kotestee.nl\/de\/rad-und-wanderwege\/","title":{"rendered":"Rad- und Wanderwege"},"content":{"rendered":"<p><span style=\"font-weight: 400;\">Direkt von unserem Campingplatz aus k\u00f6nnen Sie Entdeckungstouren \u00fcber Goeree unternehmen: \u00fcber Kirchpfade, vorbei an historischen <\/span><i><span style=\"font-weight: 400;\">Schurvelingen<\/span><\/i><span style=\"font-weight: 400;\"> (bewachsenen Sandw\u00e4llen), durch vogelreiche Gebiete oder durchs Leuchtturmtal. Wir haben vier Routen entwickelt, die direkt am Campingplatz beginnen und zu den sch\u00f6nsten Orten f\u00fchren. <\/span><\/p>\n<p><span style=\"font-weight: 400;\">Die Strecken sind unterschiedlich lang und haben alle ein eigenes Thema. Au\u00dferdem gibt es einen Podwalk \u00fcber den Campingplatz selbst, auf dem Sie die Geschichte(n) dieses sch\u00f6nen Gel\u00e4ndes kennenlernen k\u00f6nnen. <\/span><span style=\"font-weight: 400;\">Die Routen k\u00f6nnen Sie kostenlos an der Rezeption mitnehmen oder als PDF herunterladen. Der Podwalk l\u00e4sst sich bei einem Campingplatz-Spaziergang mit dem eigenen Smartphone anh\u00f6ren.<\/span><\/p>\n","protected":false},"excerpt":{"rendered":"Direkt von unserem Campingplatz aus k\u00f6nnen Sie Entdeckungstouren \u00fcber Goeree unternehmen: \u00fcber Kirchpfade, vorbei an historischen Schurvelingen (bewachsenen Sandw\u00e4llen), durch vogelreiche Gebiete oder durchs Leuchtturmtal. Wir haben vier Routen entwickelt, die direkt am Campingplatz beginnen und zu den sch\u00f6nsten Orten f\u00fchren. Die Strecken sind unterschiedlich lang und haben alle ein eigenes Thema. Au\u00dferdem gibt es [&hellip;]","protected":false},"author":1,"featured_media":0,"parent":0,"menu_order":0,"comment_status":"closed","ping_status":"closed","template":"","meta":{"_acf_changed":false,"inline_featured_image":false,"footnotes":""},"class_list":["post-1256","page","type-page","status-publish","hentry"],"acf":[],"yoast_head":"<!-- This site is optimized with the Yoast SEO Premium plugin v27.1 (Yoast SEO v27.1.1) - https:\/\/yoast.com\/product\/yoast-seo-premium-wordpress\/ -->\n<title>Rad- und Wanderwege | Camping Kotestee<\/title>\n<meta name=\"description\" content=\"Rad- und Wanderrouten ab dem Campingplatz Kotestee. Entdecken Sie D\u00fcnen, D\u00f6rfer und Natur auf Goeree-Overflakkee.\" \/>\n<meta name=\"robots\" content=\"index, follow, max-snippet:-1, max-image-preview:large, max-video-preview:-1\" \/>\n<link rel=\"canonical\" href=\"https:\/\/kotestee.nl\/de\/rad-und-wanderwege\/\" \/>\n<meta property=\"og:locale\" content=\"de_DE\" \/>\n<meta property=\"og:type\" content=\"article\" \/>\n<meta property=\"og:title\" content=\"Rad- und Wanderwege\" \/>\n<meta property=\"og:description\" content=\"Rad- und Wanderrouten ab dem Campingplatz Kotestee. Entdecken Sie D\u00fcnen, D\u00f6rfer und Natur auf Goeree-Overflakkee.\" \/>\n<meta property=\"og:url\" content=\"https:\/\/kotestee.nl\/de\/rad-und-wanderwege\/\" \/>\n<meta property=\"og:site_name\" content=\"Camping Kotestee\" \/>\n<meta property=\"article:publisher\" content=\"https:\/\/www.facebook.com\/kotestee\" \/>\n<meta property=\"article:modified_time\" content=\"2025-12-27T14:20:21+00:00\" \/>\n<meta property=\"og:image\" content=\"https:\/\/kotestee.nl\/wp-content\/uploads\/2025\/12\/dronebeeld.jpg\" \/>\n\t<meta property=\"og:image:width\" content=\"1920\" \/>\n\t<meta property=\"og:image:height\" content=\"1080\" \/>\n\t<meta property=\"og:image:type\" content=\"image\/jpeg\" \/>\n<meta name=\"twitter:card\" content=\"summary_large_image\" \/>\n<meta name=\"twitter:label1\" content=\"Gesch\u00e4tzte Lesezeit\" \/>\n\t<meta name=\"twitter:data1\" content=\"1\u00a0Minute\" \/>\n<script type=\"application\/ld+json\" class=\"yoast-schema-graph\">{\"@context\":\"https:\/\/schema.org\",\"@graph\":[{\"@type\":\"WebPage\",\"@id\":\"https:\/\/kotestee.nl\/de\/rad-und-wanderwege\/\",\"url\":\"https:\/\/kotestee.nl\/de\/rad-und-wanderwege\/\",\"name\":\"Rad- und Wanderwege | Camping Kotestee\",\"isPartOf\":{\"@id\":\"https:\/\/kotestee.nl\/de\/#website\"},\"datePublished\":\"2025-11-21T08:02:27+00:00\",\"dateModified\":\"2025-12-27T14:20:21+00:00\",\"description\":\"Rad- und Wanderrouten ab dem Campingplatz Kotestee. Entdecken Sie D\u00fcnen, D\u00f6rfer und Natur auf Goeree-Overflakkee.\",\"breadcrumb\":{\"@id\":\"https:\/\/kotestee.nl\/de\/rad-und-wanderwege\/#breadcrumb\"},\"inLanguage\":\"de\",\"potentialAction\":[{\"@type\":\"ReadAction\",\"target\":[\"https:\/\/kotestee.nl\/de\/rad-und-wanderwege\/\"]}]},{\"@type\":\"BreadcrumbList\",\"@id\":\"https:\/\/kotestee.nl\/de\/rad-und-wanderwege\/#breadcrumb\",\"itemListElement\":[{\"@type\":\"ListItem\",\"position\":1,\"name\":\"Home\",\"item\":\"https:\/\/kotestee.nl\/de\/\"},{\"@type\":\"ListItem\",\"position\":2,\"name\":\"Rad- und Wanderwege\"}]},{\"@type\":\"WebSite\",\"@id\":\"https:\/\/kotestee.nl\/de\/#website\",\"url\":\"https:\/\/kotestee.nl\/de\/\",\"name\":\"Camping Kotestee\",\"description\":\"Natuurlijke buitenplaats aan de duinen\",\"publisher\":{\"@id\":\"https:\/\/kotestee.nl\/de\/#organization\"},\"potentialAction\":[{\"@type\":\"SearchAction\",\"target\":{\"@type\":\"EntryPoint\",\"urlTemplate\":\"https:\/\/kotestee.nl\/de\/?s={search_term_string}\"},\"query-input\":{\"@type\":\"PropertyValueSpecification\",\"valueRequired\":true,\"valueName\":\"search_term_string\"}}],\"inLanguage\":\"de\"},{\"@type\":\"Organization\",\"@id\":\"https:\/\/kotestee.nl\/de\/#organization\",\"name\":\"Camping Kotestee\",\"alternateName\":\"Kotestee\",\"url\":\"https:\/\/kotestee.nl\/de\/\",\"logo\":{\"@type\":\"ImageObject\",\"inLanguage\":\"de\",\"@id\":\"https:\/\/kotestee.nl\/de\/#\/schema\/logo\/image\/\",\"url\":\"https:\/\/kotestee.nl\/wp-content\/uploads\/2025\/10\/cropped-favicon.png\",\"contentUrl\":\"https:\/\/kotestee.nl\/wp-content\/uploads\/2025\/10\/cropped-favicon.png\",\"width\":512,\"height\":512,\"caption\":\"Camping Kotestee\"},\"image\":{\"@id\":\"https:\/\/kotestee.nl\/de\/#\/schema\/logo\/image\/\"},\"sameAs\":[\"https:\/\/www.facebook.com\/kotestee\",\"https:\/\/www.instagram.com\/kotestee\"],\"email\":\"info@kotestee.nl\",\"telephone\":\"0187-681678\",\"legalName\":\"Camping Kotestee B.V.\",\"foundingDate\":\"1965-01-01\",\"vatID\":\"NL862481351B01\",\"numberOfEmployees\":{\"@type\":\"QuantitativeValue\",\"minValue\":\"1\",\"maxValue\":\"10\"}}]}<\/script>\n<!-- \/ Yoast SEO Premium plugin. -->","yoast_head_json":{"title":"Rad- und Wanderwege | Camping Kotestee","description":"Rad- und Wanderrouten ab dem Campingplatz Kotestee. Entdecken Sie D\u00fcnen, D\u00f6rfer und Natur auf Goeree-Overflakkee.","robots":{"index":"index","follow":"follow","max-snippet":"max-snippet:-1","max-image-preview":"max-image-preview:large","max-video-preview":"max-video-preview:-1"},"canonical":"https:\/\/kotestee.nl\/de\/rad-und-wanderwege\/","og_locale":"de_DE","og_type":"article","og_title":"Rad- und Wanderwege","og_description":"Rad- und Wanderrouten ab dem Campingplatz Kotestee. Entdecken Sie D\u00fcnen, D\u00f6rfer und Natur auf Goeree-Overflakkee.","og_url":"https:\/\/kotestee.nl\/de\/rad-und-wanderwege\/","og_site_name":"Camping Kotestee","article_publisher":"https:\/\/www.facebook.com\/kotestee","article_modified_time":"2025-12-27T14:20:21+00:00","og_image":[{"width":1920,"height":1080,"url":"https:\/\/kotestee.nl\/wp-content\/uploads\/2025\/12\/dronebeeld.jpg","type":"image\/jpeg"}],"twitter_card":"summary_large_image","twitter_misc":{"Gesch\u00e4tzte Lesezeit":"1\u00a0Minute"},"schema":{"@context":"https:\/\/schema.org","@graph":[{"@type":"WebPage","@id":"https:\/\/kotestee.nl\/de\/rad-und-wanderwege\/","url":"https:\/\/kotestee.nl\/de\/rad-und-wanderwege\/","name":"Rad- und Wanderwege | Camping Kotestee","isPartOf":{"@id":"https:\/\/kotestee.nl\/de\/#website"},"datePublished":"2025-11-21T08:02:27+00:00","dateModified":"2025-12-27T14:20:21+00:00","description":"Rad- und Wanderrouten ab dem Campingplatz Kotestee. Entdecken Sie D\u00fcnen, D\u00f6rfer und Natur auf Goeree-Overflakkee.","breadcrumb":{"@id":"https:\/\/kotestee.nl\/de\/rad-und-wanderwege\/#breadcrumb"},"inLanguage":"de","potentialAction":[{"@type":"ReadAction","target":["https:\/\/kotestee.nl\/de\/rad-und-wanderwege\/"]}]},{"@type":"BreadcrumbList","@id":"https:\/\/kotestee.nl\/de\/rad-und-wanderwege\/#breadcrumb","itemListElement":[{"@type":"ListItem","position":1,"name":"Home","item":"https:\/\/kotestee.nl\/de\/"},{"@type":"ListItem","position":2,"name":"Rad- und Wanderwege"}]},{"@type":"WebSite","@id":"https:\/\/kotestee.nl\/de\/#website","url":"https:\/\/kotestee.nl\/de\/","name":"Camping Kotestee","description":"Natuurlijke buitenplaats aan de duinen","publisher":{"@id":"https:\/\/kotestee.nl\/de\/#organization"},"potentialAction":[{"@type":"SearchAction","target":{"@type":"EntryPoint","urlTemplate":"https:\/\/kotestee.nl\/de\/?s={search_term_string}"},"query-input":{"@type":"PropertyValueSpecification","valueRequired":true,"valueName":"search_term_string"}}],"inLanguage":"de"},{"@type":"Organization","@id":"https:\/\/kotestee.nl\/de\/#organization","name":"Camping Kotestee","alternateName":"Kotestee","url":"https:\/\/kotestee.nl\/de\/","logo":{"@type":"ImageObject","inLanguage":"de","@id":"https:\/\/kotestee.nl\/de\/#\/schema\/logo\/image\/","url":"https:\/\/kotestee.nl\/wp-content\/uploads\/2025\/10\/cropped-favicon.png","contentUrl":"https:\/\/kotestee.nl\/wp-content\/uploads\/2025\/10\/cropped-favicon.png","width":512,"height":512,"caption":"Camping Kotestee"},"image":{"@id":"https:\/\/kotestee.nl\/de\/#\/schema\/logo\/image\/"},"sameAs":["https:\/\/www.facebook.com\/kotestee","https:\/\/www.instagram.com\/kotestee"],"email":"info@kotestee.nl","telephone":"0187-681678","legalName":"Camping Kotestee B.V.","foundingDate":"1965-01-01","vatID":"NL862481351B01","numberOfEmployees":{"@type":"QuantitativeValue","minValue":"1","maxValue":"10"}}]}},"_links":{"self":[{"href":"https:\/\/kotestee.nl\/de\/wp-json\/wp\/v2\/pages\/1256","targetHints":{"allow":["GET"]}}],"collection":[{"href":"https:\/\/kotestee.nl\/de\/wp-json\/wp\/v2\/pages"}],"about":[{"href":"https:\/\/kotestee.nl\/de\/wp-json\/wp\/v2\/types\/page"}],"author":[{"embeddable":true,"href":"https:\/\/kotestee.nl\/de\/wp-json\/wp\/v2\/users\/1"}],"replies":[{"embeddable":true,"href":"https:\/\/kotestee.nl\/de\/wp-json\/wp\/v2\/comments?post=1256"}],"version-history":[{"count":7,"href":"https:\/\/kotestee.nl\/de\/wp-json\/wp\/v2\/pages\/1256\/revisions"}],"predecessor-version":[{"id":1886,"href":"https:\/\/kotestee.nl\/de\/wp-json\/wp\/v2\/pages\/1256\/revisions\/1886"}],"wp:attachment":[{"href":"https:\/\/kotestee.nl\/de\/wp-json\/wp\/v2\/media?parent=1256"}],"curies":[{"name":"wp","href":"https:\/\/api.w.org\/{rel}","templated":true}]}}