{"id":1157,"date":"2025-11-12T12:21:43","date_gmt":"2025-11-12T12:21:43","guid":{"rendered":"https:\/\/kotestee.nl\/goeree-overflakkee\/"},"modified":"2025-12-17T19:59:08","modified_gmt":"2025-12-17T19:59:08","slug":"goeree-overflakkee","status":"publish","type":"page","link":"https:\/\/kotestee.nl\/de\/goeree-overflakkee\/","title":{"rendered":"Goeree-Overflakkee"},"content":{"rendered":"<p>Vom Campingplatz Kotestee aus k\u00f6nnen Sie die ganze Vielfalt der Insel Goeree-Overflakkee entdecken. Hier gehen Meer, D\u00fcnen und Polder nahtlos ineinander \u00fcber. Genie\u00dfen Sie die breiten Sandstr\u00e4nde, gehen Sie Kitesurfen oder Windsurfen auf dem Brouwersdam oder unternehmen Sie herrliche Radtouren und Wanderungen \u00fcber Deiche und D\u00fcnen. Hier lassen sich sogar ganz besondere Tiere wie Flamingos, ein Seeadler oder Seehunde beobachten. Goeree-Overflakkee ist eine Insel, die sich mit den Gezeiten ver\u00e4ndert. Nachstehend folgen unsere besten Tipps.<\/p>\n","protected":false},"excerpt":{"rendered":"Vom Campingplatz Kotestee aus k\u00f6nnen Sie die ganze Vielfalt der Insel Goeree-Overflakkee entdecken. Hier gehen Meer, D\u00fcnen und Polder nahtlos ineinander \u00fcber. Genie\u00dfen Sie die breiten Sandstr\u00e4nde, gehen Sie Kitesurfen oder Windsurfen auf dem Brouwersdam oder unternehmen Sie herrliche Radtouren und Wanderungen \u00fcber Deiche und D\u00fcnen. Hier lassen sich sogar ganz besondere Tiere wie Flamingos, [&hellip;]","protected":false},"author":1,"featured_media":0,"parent":0,"menu_order":0,"comment_status":"closed","ping_status":"closed","template":"","meta":{"_acf_changed":false,"inline_featured_image":false,"footnotes":""},"class_list":["post-1157","page","type-page","status-publish","hentry"],"acf":[],"yoast_head":"<!-- This site is optimized with the Yoast SEO Premium plugin v27.1 (Yoast SEO v27.1.1) - https:\/\/yoast.com\/product\/yoast-seo-premium-wordpress\/ -->\n<title>Goeree-Overflakkee | Camping Kotestee<\/title>\n<meta name=\"robots\" content=\"index, follow, max-snippet:-1, max-image-preview:large, max-video-preview:-1\" \/>\n<link rel=\"canonical\" href=\"https:\/\/kotestee.nl\/de\/goeree-overflakkee\/\" \/>\n<meta property=\"og:locale\" content=\"de_DE\" \/>\n<meta property=\"og:type\" content=\"article\" \/>\n<meta property=\"og:title\" content=\"Goeree-Overflakkee\" \/>\n<meta property=\"og:description\" content=\"Vom Campingplatz Kotestee aus k\u00f6nnen Sie die ganze Vielfalt der Insel Goeree-Overflakkee entdecken. Hier gehen Meer, D\u00fcnen und Polder nahtlos ineinander \u00fcber. Genie\u00dfen Sie die breiten Sandstr\u00e4nde, gehen Sie Kitesurfen oder Windsurfen auf dem Brouwersdam oder unternehmen Sie herrliche Radtouren und Wanderungen \u00fcber Deiche und D\u00fcnen. Hier lassen sich sogar ganz besondere Tiere wie Flamingos, [&hellip;]\" \/>\n<meta property=\"og:url\" content=\"https:\/\/kotestee.nl\/de\/goeree-overflakkee\/\" \/>\n<meta property=\"og:site_name\" content=\"Camping Kotestee\" \/>\n<meta property=\"article:publisher\" content=\"https:\/\/www.facebook.com\/kotestee\" \/>\n<meta property=\"article:modified_time\" content=\"2025-12-17T19:59:08+00:00\" \/>\n<meta property=\"og:image\" content=\"https:\/\/kotestee.nl\/wp-content\/uploads\/2025\/12\/dronebeeld.jpg\" \/>\n\t<meta property=\"og:image:width\" content=\"1920\" \/>\n\t<meta property=\"og:image:height\" content=\"1080\" \/>\n\t<meta property=\"og:image:type\" content=\"image\/jpeg\" \/>\n<meta name=\"twitter:card\" content=\"summary_large_image\" \/>\n<meta name=\"twitter:label1\" content=\"Gesch\u00e4tzte Lesezeit\" \/>\n\t<meta name=\"twitter:data1\" content=\"1\u00a0Minute\" \/>\n<script type=\"application\/ld+json\" class=\"yoast-schema-graph\">{\"@context\":\"https:\/\/schema.org\",\"@graph\":[{\"@type\":\"WebPage\",\"@id\":\"https:\/\/kotestee.nl\/de\/goeree-overflakkee\/\",\"url\":\"https:\/\/kotestee.nl\/de\/goeree-overflakkee\/\",\"name\":\"Goeree-Overflakkee | Camping Kotestee\",\"isPartOf\":{\"@id\":\"https:\/\/kotestee.nl\/de\/#website\"},\"datePublished\":\"2025-11-12T12:21:43+00:00\",\"dateModified\":\"2025-12-17T19:59:08+00:00\",\"breadcrumb\":{\"@id\":\"https:\/\/kotestee.nl\/de\/goeree-overflakkee\/#breadcrumb\"},\"inLanguage\":\"de\",\"potentialAction\":[{\"@type\":\"ReadAction\",\"target\":[\"https:\/\/kotestee.nl\/de\/goeree-overflakkee\/\"]}]},{\"@type\":\"BreadcrumbList\",\"@id\":\"https:\/\/kotestee.nl\/de\/goeree-overflakkee\/#breadcrumb\",\"itemListElement\":[{\"@type\":\"ListItem\",\"position\":1,\"name\":\"Home\",\"item\":\"https:\/\/kotestee.nl\/de\/\"},{\"@type\":\"ListItem\",\"position\":2,\"name\":\"Goeree-Overflakkee\"}]},{\"@type\":\"WebSite\",\"@id\":\"https:\/\/kotestee.nl\/de\/#website\",\"url\":\"https:\/\/kotestee.nl\/de\/\",\"name\":\"Camping Kotestee\",\"description\":\"Natuurlijke buitenplaats aan de duinen\",\"publisher\":{\"@id\":\"https:\/\/kotestee.nl\/de\/#organization\"},\"potentialAction\":[{\"@type\":\"SearchAction\",\"target\":{\"@type\":\"EntryPoint\",\"urlTemplate\":\"https:\/\/kotestee.nl\/de\/?s={search_term_string}\"},\"query-input\":{\"@type\":\"PropertyValueSpecification\",\"valueRequired\":true,\"valueName\":\"search_term_string\"}}],\"inLanguage\":\"de\"},{\"@type\":\"Organization\",\"@id\":\"https:\/\/kotestee.nl\/de\/#organization\",\"name\":\"Camping Kotestee\",\"alternateName\":\"Kotestee\",\"url\":\"https:\/\/kotestee.nl\/de\/\",\"logo\":{\"@type\":\"ImageObject\",\"inLanguage\":\"de\",\"@id\":\"https:\/\/kotestee.nl\/de\/#\/schema\/logo\/image\/\",\"url\":\"https:\/\/kotestee.nl\/wp-content\/uploads\/2025\/10\/cropped-favicon.png\",\"contentUrl\":\"https:\/\/kotestee.nl\/wp-content\/uploads\/2025\/10\/cropped-favicon.png\",\"width\":512,\"height\":512,\"caption\":\"Camping Kotestee\"},\"image\":{\"@id\":\"https:\/\/kotestee.nl\/de\/#\/schema\/logo\/image\/\"},\"sameAs\":[\"https:\/\/www.facebook.com\/kotestee\",\"https:\/\/www.instagram.com\/kotestee\"],\"email\":\"info@kotestee.nl\",\"telephone\":\"0187-681678\",\"legalName\":\"Camping Kotestee B.V.\",\"foundingDate\":\"1965-01-01\",\"vatID\":\"NL862481351B01\",\"numberOfEmployees\":{\"@type\":\"QuantitativeValue\",\"minValue\":\"1\",\"maxValue\":\"10\"}}]}<\/script>\n<!-- \/ Yoast SEO Premium plugin. -->","yoast_head_json":{"title":"Goeree-Overflakkee | Camping Kotestee","robots":{"index":"index","follow":"follow","max-snippet":"max-snippet:-1","max-image-preview":"max-image-preview:large","max-video-preview":"max-video-preview:-1"},"canonical":"https:\/\/kotestee.nl\/de\/goeree-overflakkee\/","og_locale":"de_DE","og_type":"article","og_title":"Goeree-Overflakkee","og_description":"Vom Campingplatz Kotestee aus k\u00f6nnen Sie die ganze Vielfalt der Insel Goeree-Overflakkee entdecken. Hier gehen Meer, D\u00fcnen und Polder nahtlos ineinander \u00fcber. Genie\u00dfen Sie die breiten Sandstr\u00e4nde, gehen Sie Kitesurfen oder Windsurfen auf dem Brouwersdam oder unternehmen Sie herrliche Radtouren und Wanderungen \u00fcber Deiche und D\u00fcnen. Hier lassen sich sogar ganz besondere Tiere wie Flamingos, [&hellip;]","og_url":"https:\/\/kotestee.nl\/de\/goeree-overflakkee\/","og_site_name":"Camping Kotestee","article_publisher":"https:\/\/www.facebook.com\/kotestee","article_modified_time":"2025-12-17T19:59:08+00:00","og_image":[{"width":1920,"height":1080,"url":"https:\/\/kotestee.nl\/wp-content\/uploads\/2025\/12\/dronebeeld.jpg","type":"image\/jpeg"}],"twitter_card":"summary_large_image","twitter_misc":{"Gesch\u00e4tzte Lesezeit":"1\u00a0Minute"},"schema":{"@context":"https:\/\/schema.org","@graph":[{"@type":"WebPage","@id":"https:\/\/kotestee.nl\/de\/goeree-overflakkee\/","url":"https:\/\/kotestee.nl\/de\/goeree-overflakkee\/","name":"Goeree-Overflakkee | Camping Kotestee","isPartOf":{"@id":"https:\/\/kotestee.nl\/de\/#website"},"datePublished":"2025-11-12T12:21:43+00:00","dateModified":"2025-12-17T19:59:08+00:00","breadcrumb":{"@id":"https:\/\/kotestee.nl\/de\/goeree-overflakkee\/#breadcrumb"},"inLanguage":"de","potentialAction":[{"@type":"ReadAction","target":["https:\/\/kotestee.nl\/de\/goeree-overflakkee\/"]}]},{"@type":"BreadcrumbList","@id":"https:\/\/kotestee.nl\/de\/goeree-overflakkee\/#breadcrumb","itemListElement":[{"@type":"ListItem","position":1,"name":"Home","item":"https:\/\/kotestee.nl\/de\/"},{"@type":"ListItem","position":2,"name":"Goeree-Overflakkee"}]},{"@type":"WebSite","@id":"https:\/\/kotestee.nl\/de\/#website","url":"https:\/\/kotestee.nl\/de\/","name":"Camping Kotestee","description":"Natuurlijke buitenplaats aan de duinen","publisher":{"@id":"https:\/\/kotestee.nl\/de\/#organization"},"potentialAction":[{"@type":"SearchAction","target":{"@type":"EntryPoint","urlTemplate":"https:\/\/kotestee.nl\/de\/?s={search_term_string}"},"query-input":{"@type":"PropertyValueSpecification","valueRequired":true,"valueName":"search_term_string"}}],"inLanguage":"de"},{"@type":"Organization","@id":"https:\/\/kotestee.nl\/de\/#organization","name":"Camping Kotestee","alternateName":"Kotestee","url":"https:\/\/kotestee.nl\/de\/","logo":{"@type":"ImageObject","inLanguage":"de","@id":"https:\/\/kotestee.nl\/de\/#\/schema\/logo\/image\/","url":"https:\/\/kotestee.nl\/wp-content\/uploads\/2025\/10\/cropped-favicon.png","contentUrl":"https:\/\/kotestee.nl\/wp-content\/uploads\/2025\/10\/cropped-favicon.png","width":512,"height":512,"caption":"Camping Kotestee"},"image":{"@id":"https:\/\/kotestee.nl\/de\/#\/schema\/logo\/image\/"},"sameAs":["https:\/\/www.facebook.com\/kotestee","https:\/\/www.instagram.com\/kotestee"],"email":"info@kotestee.nl","telephone":"0187-681678","legalName":"Camping Kotestee B.V.","foundingDate":"1965-01-01","vatID":"NL862481351B01","numberOfEmployees":{"@type":"QuantitativeValue","minValue":"1","maxValue":"10"}}]}},"_links":{"self":[{"href":"https:\/\/kotestee.nl\/de\/wp-json\/wp\/v2\/pages\/1157","targetHints":{"allow":["GET"]}}],"collection":[{"href":"https:\/\/kotestee.nl\/de\/wp-json\/wp\/v2\/pages"}],"about":[{"href":"https:\/\/kotestee.nl\/de\/wp-json\/wp\/v2\/types\/page"}],"author":[{"embeddable":true,"href":"https:\/\/kotestee.nl\/de\/wp-json\/wp\/v2\/users\/1"}],"replies":[{"embeddable":true,"href":"https:\/\/kotestee.nl\/de\/wp-json\/wp\/v2\/comments?post=1157"}],"version-history":[{"count":7,"href":"https:\/\/kotestee.nl\/de\/wp-json\/wp\/v2\/pages\/1157\/revisions"}],"predecessor-version":[{"id":1847,"href":"https:\/\/kotestee.nl\/de\/wp-json\/wp\/v2\/pages\/1157\/revisions\/1847"}],"wp:attachment":[{"href":"https:\/\/kotestee.nl\/de\/wp-json\/wp\/v2\/media?parent=1157"}],"curies":[{"name":"wp","href":"https:\/\/api.w.org\/{rel}","templated":true}]}}