{"id":1034,"date":"2025-12-04T11:05:49","date_gmt":"2025-12-04T11:05:49","guid":{"rendered":"https:\/\/kotestee.nl\/algemene-voorwaarden\/"},"modified":"2025-12-07T13:54:46","modified_gmt":"2025-12-07T13:54:46","slug":"allgemeine-bedingungen","status":"publish","type":"page","link":"https:\/\/kotestee.nl\/de\/allgemeine-bedingungen\/","title":{"rendered":"Allgemeine Bedingungen"},"content":{"rendered":"<p>Auf dem Campingplatz Kotestee legen wir gro\u00dfen Wert darauf, dass sich alle G\u00e4ste wohlf\u00fchlen. Deshalb gelten bei uns einige klare Vereinbarungen. Nachstehend finden Sie die Platzordnung und die RECRON-Bedingungen, die f\u00fcr Ihren Aufenthalt gelten. Diese Dokumente geben Ihnen einen \u00dcberblick dar\u00fcber, was Sie von uns erwarten d\u00fcrfen und worum wir unsere G\u00e4ste bitten.<\/p>\n<p><a href=\"https:\/\/kotestee.nl\/wp-content\/uploads\/2025\/12\/919-RECRON-Voorwaarden-Vaste-Plaatsen-Duits-rood.pdf\" target=\"_blank\" rel=\"noopener\">RECRON-Bedingungen feste Pl\u00e4tze<\/a><br \/>\n<a href=\"https:\/\/kotestee.nl\/wp-content\/uploads\/2025\/12\/929-RECRON-Voorwaarden-Seizoensplaatsen-geel-Duits.pdf\" target=\"_blank\" rel=\"noopener\">RECRON-Bedingungen Saisonpl\u00e4tze<\/a><br \/>\n<a href=\"https:\/\/kotestee.nl\/wp-content\/uploads\/2025\/12\/939-RECRON-Voorwaarden-Toeristisch-Verblijf-Duits-blauw.pdf\" target=\"_blank\" rel=\"noopener\">RECRON-Bedingungen Touristenstandpl\u00e4tze<\/a><\/p>\n<p><a href=\"https:\/\/kotestee.nl\/wp-content\/uploads\/2025\/12\/Verblijfsreglement-Kotestee-DE.pdf\" target=\"_blank\" rel=\"noopener\">Platzordnung Camping Kotestee<\/a><\/p>\n","protected":false},"excerpt":{"rendered":"Auf dem Campingplatz Kotestee legen wir gro\u00dfen Wert darauf, dass sich alle G\u00e4ste wohlf\u00fchlen. Deshalb gelten bei uns einige klare Vereinbarungen. Nachstehend finden Sie die Platzordnung und die RECRON-Bedingungen, die f\u00fcr Ihren Aufenthalt gelten. Diese Dokumente geben Ihnen einen \u00dcberblick dar\u00fcber, was Sie von uns erwarten d\u00fcrfen und worum wir unsere G\u00e4ste bitten. RECRON-Bedingungen feste [&hellip;]","protected":false},"author":2,"featured_media":1035,"parent":0,"menu_order":0,"comment_status":"closed","ping_status":"open","template":"","meta":{"_acf_changed":false,"inline_featured_image":false,"footnotes":""},"class_list":["post-1034","page","type-page","status-publish","has-post-thumbnail","hentry"],"acf":[],"yoast_head":"<!-- This site is optimized with the Yoast SEO Premium plugin v27.1 (Yoast SEO v27.1.1) - https:\/\/yoast.com\/product\/yoast-seo-premium-wordpress\/ -->\n<title>Allgemeine Bedingungen | Camping Kotestee<\/title>\n<meta name=\"robots\" content=\"index, follow, max-snippet:-1, max-image-preview:large, max-video-preview:-1\" \/>\n<link rel=\"canonical\" href=\"https:\/\/kotestee.nl\/de\/allgemeine-bedingungen\/\" \/>\n<meta property=\"og:locale\" content=\"de_DE\" \/>\n<meta property=\"og:type\" content=\"article\" \/>\n<meta property=\"og:title\" content=\"Allgemeine Bedingungen\" \/>\n<meta property=\"og:description\" content=\"Auf dem Campingplatz Kotestee legen wir gro\u00dfen Wert darauf, dass sich alle G\u00e4ste wohlf\u00fchlen. Deshalb gelten bei uns einige klare Vereinbarungen. Nachstehend finden Sie die Platzordnung und die RECRON-Bedingungen, die f\u00fcr Ihren Aufenthalt gelten. Diese Dokumente geben Ihnen einen \u00dcberblick dar\u00fcber, was Sie von uns erwarten d\u00fcrfen und worum wir unsere G\u00e4ste bitten. RECRON-Bedingungen feste [&hellip;]\" \/>\n<meta property=\"og:url\" content=\"https:\/\/kotestee.nl\/de\/allgemeine-bedingungen\/\" \/>\n<meta property=\"og:site_name\" content=\"Camping Kotestee\" \/>\n<meta property=\"article:publisher\" content=\"https:\/\/www.facebook.com\/kotestee\" \/>\n<meta property=\"article:modified_time\" content=\"2025-12-07T13:54:46+00:00\" \/>\n<meta property=\"og:image\" content=\"https:\/\/kotestee.nl\/wp-content\/uploads\/2025\/10\/kotestee-404.jpg\" \/>\n\t<meta property=\"og:image:width\" content=\"1920\" \/>\n\t<meta property=\"og:image:height\" content=\"1080\" \/>\n\t<meta property=\"og:image:type\" content=\"image\/jpeg\" \/>\n<meta name=\"twitter:card\" content=\"summary_large_image\" \/>\n<meta name=\"twitter:label1\" content=\"Gesch\u00e4tzte Lesezeit\" \/>\n\t<meta name=\"twitter:data1\" content=\"1\u00a0Minute\" \/>\n<script type=\"application\/ld+json\" class=\"yoast-schema-graph\">{\"@context\":\"https:\/\/schema.org\",\"@graph\":[{\"@type\":\"WebPage\",\"@id\":\"https:\/\/kotestee.nl\/de\/allgemeine-bedingungen\/\",\"url\":\"https:\/\/kotestee.nl\/de\/allgemeine-bedingungen\/\",\"name\":\"Allgemeine Bedingungen | Camping Kotestee\",\"isPartOf\":{\"@id\":\"https:\/\/kotestee.nl\/de\/#website\"},\"primaryImageOfPage\":{\"@id\":\"https:\/\/kotestee.nl\/de\/allgemeine-bedingungen\/#primaryimage\"},\"image\":{\"@id\":\"https:\/\/kotestee.nl\/de\/allgemeine-bedingungen\/#primaryimage\"},\"thumbnailUrl\":\"https:\/\/kotestee.nl\/wp-content\/uploads\/2025\/10\/kotestee-404.jpg\",\"datePublished\":\"2025-12-04T11:05:49+00:00\",\"dateModified\":\"2025-12-07T13:54:46+00:00\",\"breadcrumb\":{\"@id\":\"https:\/\/kotestee.nl\/de\/allgemeine-bedingungen\/#breadcrumb\"},\"inLanguage\":\"de\",\"potentialAction\":[{\"@type\":\"ReadAction\",\"target\":[\"https:\/\/kotestee.nl\/de\/allgemeine-bedingungen\/\"]}]},{\"@type\":\"ImageObject\",\"inLanguage\":\"de\",\"@id\":\"https:\/\/kotestee.nl\/de\/allgemeine-bedingungen\/#primaryimage\",\"url\":\"https:\/\/kotestee.nl\/wp-content\/uploads\/2025\/10\/kotestee-404.jpg\",\"contentUrl\":\"https:\/\/kotestee.nl\/wp-content\/uploads\/2025\/10\/kotestee-404.jpg\",\"width\":1920,\"height\":1080,\"caption\":\"De groene specht \u2013 \u00e9\u00e9n van de vogelsoorten rondom Camping Kotestee\"},{\"@type\":\"BreadcrumbList\",\"@id\":\"https:\/\/kotestee.nl\/de\/allgemeine-bedingungen\/#breadcrumb\",\"itemListElement\":[{\"@type\":\"ListItem\",\"position\":1,\"name\":\"Home\",\"item\":\"https:\/\/kotestee.nl\/de\/\"},{\"@type\":\"ListItem\",\"position\":2,\"name\":\"Allgemeine Bedingungen\"}]},{\"@type\":\"WebSite\",\"@id\":\"https:\/\/kotestee.nl\/de\/#website\",\"url\":\"https:\/\/kotestee.nl\/de\/\",\"name\":\"Camping Kotestee\",\"description\":\"Natuurlijke buitenplaats aan de duinen\",\"publisher\":{\"@id\":\"https:\/\/kotestee.nl\/de\/#organization\"},\"potentialAction\":[{\"@type\":\"SearchAction\",\"target\":{\"@type\":\"EntryPoint\",\"urlTemplate\":\"https:\/\/kotestee.nl\/de\/?s={search_term_string}\"},\"query-input\":{\"@type\":\"PropertyValueSpecification\",\"valueRequired\":true,\"valueName\":\"search_term_string\"}}],\"inLanguage\":\"de\"},{\"@type\":\"Organization\",\"@id\":\"https:\/\/kotestee.nl\/de\/#organization\",\"name\":\"Camping Kotestee\",\"alternateName\":\"Kotestee\",\"url\":\"https:\/\/kotestee.nl\/de\/\",\"logo\":{\"@type\":\"ImageObject\",\"inLanguage\":\"de\",\"@id\":\"https:\/\/kotestee.nl\/de\/#\/schema\/logo\/image\/\",\"url\":\"https:\/\/kotestee.nl\/wp-content\/uploads\/2025\/10\/cropped-favicon.png\",\"contentUrl\":\"https:\/\/kotestee.nl\/wp-content\/uploads\/2025\/10\/cropped-favicon.png\",\"width\":512,\"height\":512,\"caption\":\"Camping Kotestee\"},\"image\":{\"@id\":\"https:\/\/kotestee.nl\/de\/#\/schema\/logo\/image\/\"},\"sameAs\":[\"https:\/\/www.facebook.com\/kotestee\",\"https:\/\/www.instagram.com\/kotestee\"],\"email\":\"info@kotestee.nl\",\"telephone\":\"0187-681678\",\"legalName\":\"Camping Kotestee B.V.\",\"foundingDate\":\"1965-01-01\",\"vatID\":\"NL862481351B01\",\"numberOfEmployees\":{\"@type\":\"QuantitativeValue\",\"minValue\":\"1\",\"maxValue\":\"10\"}}]}<\/script>\n<!-- \/ Yoast SEO Premium plugin. -->","yoast_head_json":{"title":"Allgemeine Bedingungen | Camping Kotestee","robots":{"index":"index","follow":"follow","max-snippet":"max-snippet:-1","max-image-preview":"max-image-preview:large","max-video-preview":"max-video-preview:-1"},"canonical":"https:\/\/kotestee.nl\/de\/allgemeine-bedingungen\/","og_locale":"de_DE","og_type":"article","og_title":"Allgemeine Bedingungen","og_description":"Auf dem Campingplatz Kotestee legen wir gro\u00dfen Wert darauf, dass sich alle G\u00e4ste wohlf\u00fchlen. Deshalb gelten bei uns einige klare Vereinbarungen. Nachstehend finden Sie die Platzordnung und die RECRON-Bedingungen, die f\u00fcr Ihren Aufenthalt gelten. Diese Dokumente geben Ihnen einen \u00dcberblick dar\u00fcber, was Sie von uns erwarten d\u00fcrfen und worum wir unsere G\u00e4ste bitten. RECRON-Bedingungen feste [&hellip;]","og_url":"https:\/\/kotestee.nl\/de\/allgemeine-bedingungen\/","og_site_name":"Camping Kotestee","article_publisher":"https:\/\/www.facebook.com\/kotestee","article_modified_time":"2025-12-07T13:54:46+00:00","og_image":[{"width":1920,"height":1080,"url":"https:\/\/kotestee.nl\/wp-content\/uploads\/2025\/10\/kotestee-404.jpg","type":"image\/jpeg"}],"twitter_card":"summary_large_image","twitter_misc":{"Gesch\u00e4tzte Lesezeit":"1\u00a0Minute"},"schema":{"@context":"https:\/\/schema.org","@graph":[{"@type":"WebPage","@id":"https:\/\/kotestee.nl\/de\/allgemeine-bedingungen\/","url":"https:\/\/kotestee.nl\/de\/allgemeine-bedingungen\/","name":"Allgemeine Bedingungen | Camping Kotestee","isPartOf":{"@id":"https:\/\/kotestee.nl\/de\/#website"},"primaryImageOfPage":{"@id":"https:\/\/kotestee.nl\/de\/allgemeine-bedingungen\/#primaryimage"},"image":{"@id":"https:\/\/kotestee.nl\/de\/allgemeine-bedingungen\/#primaryimage"},"thumbnailUrl":"https:\/\/kotestee.nl\/wp-content\/uploads\/2025\/10\/kotestee-404.jpg","datePublished":"2025-12-04T11:05:49+00:00","dateModified":"2025-12-07T13:54:46+00:00","breadcrumb":{"@id":"https:\/\/kotestee.nl\/de\/allgemeine-bedingungen\/#breadcrumb"},"inLanguage":"de","potentialAction":[{"@type":"ReadAction","target":["https:\/\/kotestee.nl\/de\/allgemeine-bedingungen\/"]}]},{"@type":"ImageObject","inLanguage":"de","@id":"https:\/\/kotestee.nl\/de\/allgemeine-bedingungen\/#primaryimage","url":"https:\/\/kotestee.nl\/wp-content\/uploads\/2025\/10\/kotestee-404.jpg","contentUrl":"https:\/\/kotestee.nl\/wp-content\/uploads\/2025\/10\/kotestee-404.jpg","width":1920,"height":1080,"caption":"De groene specht \u2013 \u00e9\u00e9n van de vogelsoorten rondom Camping Kotestee"},{"@type":"BreadcrumbList","@id":"https:\/\/kotestee.nl\/de\/allgemeine-bedingungen\/#breadcrumb","itemListElement":[{"@type":"ListItem","position":1,"name":"Home","item":"https:\/\/kotestee.nl\/de\/"},{"@type":"ListItem","position":2,"name":"Allgemeine Bedingungen"}]},{"@type":"WebSite","@id":"https:\/\/kotestee.nl\/de\/#website","url":"https:\/\/kotestee.nl\/de\/","name":"Camping Kotestee","description":"Natuurlijke buitenplaats aan de duinen","publisher":{"@id":"https:\/\/kotestee.nl\/de\/#organization"},"potentialAction":[{"@type":"SearchAction","target":{"@type":"EntryPoint","urlTemplate":"https:\/\/kotestee.nl\/de\/?s={search_term_string}"},"query-input":{"@type":"PropertyValueSpecification","valueRequired":true,"valueName":"search_term_string"}}],"inLanguage":"de"},{"@type":"Organization","@id":"https:\/\/kotestee.nl\/de\/#organization","name":"Camping Kotestee","alternateName":"Kotestee","url":"https:\/\/kotestee.nl\/de\/","logo":{"@type":"ImageObject","inLanguage":"de","@id":"https:\/\/kotestee.nl\/de\/#\/schema\/logo\/image\/","url":"https:\/\/kotestee.nl\/wp-content\/uploads\/2025\/10\/cropped-favicon.png","contentUrl":"https:\/\/kotestee.nl\/wp-content\/uploads\/2025\/10\/cropped-favicon.png","width":512,"height":512,"caption":"Camping Kotestee"},"image":{"@id":"https:\/\/kotestee.nl\/de\/#\/schema\/logo\/image\/"},"sameAs":["https:\/\/www.facebook.com\/kotestee","https:\/\/www.instagram.com\/kotestee"],"email":"info@kotestee.nl","telephone":"0187-681678","legalName":"Camping Kotestee B.V.","foundingDate":"1965-01-01","vatID":"NL862481351B01","numberOfEmployees":{"@type":"QuantitativeValue","minValue":"1","maxValue":"10"}}]}},"_links":{"self":[{"href":"https:\/\/kotestee.nl\/de\/wp-json\/wp\/v2\/pages\/1034","targetHints":{"allow":["GET"]}}],"collection":[{"href":"https:\/\/kotestee.nl\/de\/wp-json\/wp\/v2\/pages"}],"about":[{"href":"https:\/\/kotestee.nl\/de\/wp-json\/wp\/v2\/types\/page"}],"author":[{"embeddable":true,"href":"https:\/\/kotestee.nl\/de\/wp-json\/wp\/v2\/users\/2"}],"replies":[{"embeddable":true,"href":"https:\/\/kotestee.nl\/de\/wp-json\/wp\/v2\/comments?post=1034"}],"version-history":[{"count":4,"href":"https:\/\/kotestee.nl\/de\/wp-json\/wp\/v2\/pages\/1034\/revisions"}],"predecessor-version":[{"id":1547,"href":"https:\/\/kotestee.nl\/de\/wp-json\/wp\/v2\/pages\/1034\/revisions\/1547"}],"wp:featuredmedia":[{"embeddable":true,"href":"https:\/\/kotestee.nl\/de\/wp-json\/wp\/v2\/media\/1035"}],"wp:attachment":[{"href":"https:\/\/kotestee.nl\/de\/wp-json\/wp\/v2\/media?parent=1034"}],"curies":[{"name":"wp","href":"https:\/\/api.w.org\/{rel}","templated":true}]}}